{"id":949,"date":"2018-09-11T19:16:59","date_gmt":"2018-09-11T19:16:59","guid":{"rendered":"https:\/\/www.lanuovacasearia.it\/web\/?page_id=949"},"modified":"2025-08-06T07:19:34","modified_gmt":"2025-08-06T07:19:34","slug":"pizzeria","status":"publish","type":"page","link":"https:\/\/www.lanuovacasearia.it\/web\/pizzeria\/","title":{"rendered":"Pizzeria"},"content":{"rendered":"<p><img fetchpriority=\"high\" decoding=\"async\" width=\"527\" height=\"526\" src=\"https:\/\/www.lanuovacasearia.it\/web\/wp-content\/uploads\/2018\/09\/Pizza.png\" \/>\t\t\t\t<\/p>\n<p>Linea Pizzeria<br \/>\n\t\t\t\t\t\t\t\t\t\t\t\t\t\t\t\t\t\t\t\t\t\t\t\t\t\t\t\t\t\t\t\t\t\t\t\t\tLa Nuova Casearia propone a ristoratori, Grande Distribuzione Organizzata, settore Ho.Re.Ca. e maestri pizzaioli un\u2019ampia gamma di prodotti congelati pensati proprio per la ristorazione.&nbsp;Nasce cos\u00ec la linea Pizzeria composta da latticini di alta qualit\u00e0, che garantiscono una shelf-life fino a 28&nbsp;giorni. Una linea particolarmente indicata per la farcitura delle pizze.&nbsp;Grazie alla capacit\u00e0 di conservare la sua consistenza anche ad alte temperature, con eccellenti risultati di filatura, \u00e8 il prodotto ideale anche peri pizzaioli pi\u00f9 esigenti.<\/p>\n<p>Le nostre materie prime provengono da allevamenti certificati di alta qualit\u00e0.\t\t\t\t\t\t\t\t\t\t\t\t\t\t\t\t\t\t\t\t\t\t\t\t\t\t\t<\/p>\n<p><!-- \/row --><\/p>\n<p>I prodotti della Linea Pizzeria\t\t\t\t\t\t\t\t<\/p>\n<p><img decoding=\"async\" width=\"320\" height=\"180\" src=\"https:\/\/www.lanuovacasearia.it\/web\/wp-content\/uploads\/2018\/09\/filone.png\" \/>\t\t\t\t<\/p>\n<p>Filone<br \/>\n\t\t\t\t\t\t\t\t\t\t\t\t\t\t\t\t\t\t\t\t\t\t\t\t\t\t\t\t\t\t\t\t\t\t\t\t\tBianco o affumicato, il filone \u00e8 realizzato principalmente per la farcitura delle pizze con eccellenti risultati di filatura. Principale caratteristica \u00e8 quella di mantenere il colore bianco senza evidenziare segni di bruciatura.<img decoding=\"async\" src=\"https:\/\/www.lanuovacasearia.it\/web\/wp-content\/uploads\/2021\/10\/filone-1.jpg\" width=\"291\" height=\"136\"><\/p>\n<p><img loading=\"lazy\" decoding=\"async\" width=\"320\" height=\"180\" src=\"https:\/\/www.lanuovacasearia.it\/web\/wp-content\/uploads\/2018\/09\/cubettata.png\" \/>\t\t\t\t<\/p>\n<p>Cubettata<br \/>\n\t\t\t\t\t\t\t\t\t\t\t\t\t\t\t\t\t\t\t\t\t\t\t\t\t\t\t\t\t\t\t\t\t\t\t\t\tFFLa Mozzarella per Pizza Cubettata \u00e9 mozzarella vaccina. Essa \u00e8 tagliata a cubetti per essere facilmente utilizzata per la pizza. La vaschetta \u00e8 di 3 kg.<img loading=\"lazy\" decoding=\"async\" src=\"https:\/\/www.lanuovacasearia.it\/web\/wp-content\/uploads\/2021\/10\/julienne.jpg\" width=\"298\" height=\"140\"><\/p>\n<p><img loading=\"lazy\" decoding=\"async\" width=\"320\" height=\"180\" src=\"https:\/\/www.lanuovacasearia.it\/web\/wp-content\/uploads\/2018\/09\/julienne.png\" \/>\t\t\t\t<\/p>\n<p>Julienne<br \/>\n\t\t\t\t\t\t\t\t\t\t\t\t\t\t\t\t\t\t\t\t\t\t\t\t\t\t\t\t\t\t\t\t\t\t\t\t\tMozzarella di latte vaccino tagliata a julienne per essere facilmente utilizzata per condimento sulla pizza. La vaschetta \u00e8 di 3 kg.<img loading=\"lazy\" decoding=\"async\" src=\"https:\/\/www.lanuovacasearia.it\/web\/wp-content\/uploads\/2021\/10\/julienne.jpg\" width=\"298\" height=\"140\"><\/p>\n<p><!-- \/row --><\/p>\n","protected":false},"excerpt":{"rendered":"<p>Linea Pizzeria La Nuova Casearia propone a ristoratori, Grande Distribuzione Organizzata, settore Ho.Re.Ca. e maestri pizzaioli un\u2019ampia gamma di prodotti congelati pensati proprio per la ristorazione.&nbsp;Nasce cos\u00ec la linea Pizzeria composta da latticini di alta qualit\u00e0, che garantiscono una shelf-life fino a 28&nbsp;giorni. Una linea particolarmente indicata per la farcitura delle pizze.&nbsp;Grazie alla capacit\u00e0 di [&hellip;]<\/p>\n","protected":false},"author":2,"featured_media":0,"parent":0,"menu_order":0,"comment_status":"closed","ping_status":"closed","template":"builder.php","meta":{"footnotes":""},"class_list":["post-949","page","type-page","status-publish","hentry"],"_links":{"self":[{"href":"https:\/\/www.lanuovacasearia.it\/web\/wp-json\/wp\/v2\/pages\/949","targetHints":{"allow":["GET"]}}],"collection":[{"href":"https:\/\/www.lanuovacasearia.it\/web\/wp-json\/wp\/v2\/pages"}],"about":[{"href":"https:\/\/www.lanuovacasearia.it\/web\/wp-json\/wp\/v2\/types\/page"}],"author":[{"embeddable":true,"href":"https:\/\/www.lanuovacasearia.it\/web\/wp-json\/wp\/v2\/users\/2"}],"replies":[{"embeddable":true,"href":"https:\/\/www.lanuovacasearia.it\/web\/wp-json\/wp\/v2\/comments?post=949"}],"version-history":[{"count":452,"href":"https:\/\/www.lanuovacasearia.it\/web\/wp-json\/wp\/v2\/pages\/949\/revisions"}],"predecessor-version":[{"id":5594,"href":"https:\/\/www.lanuovacasearia.it\/web\/wp-json\/wp\/v2\/pages\/949\/revisions\/5594"}],"wp:attachment":[{"href":"https:\/\/www.lanuovacasearia.it\/web\/wp-json\/wp\/v2\/media?parent=949"}],"curies":[{"name":"wp","href":"https:\/\/api.w.org\/{rel}","templated":true}]}}